{"id":34,"date":"2021-11-10T16:11:43","date_gmt":"2021-11-10T15:11:43","guid":{"rendered":"https:\/\/vs-jonas.at\/?page_id=34"},"modified":"2024-11-27T12:19:43","modified_gmt":"2024-11-27T11:19:43","slug":"profil-leitbild","status":"publish","type":"page","link":"https:\/\/vs-jonas.at\/?page_id=34","title":{"rendered":"Leitbild"},"content":{"rendered":"","protected":false},"excerpt":{"rendered":"<p><!-- wp:paragraph --><\/p>\n<p><em><strong\/strong><\/em><\/p>\n<p><!-- \/wp:paragraph --><\/p>\n<p><!-- wp:paragraph --><\/p>\n<p>Der Schuleinstieg der neuen Sch\u00fclerinnen und Sch\u00fcler wird sanft \u00fcber Schnuppertage gestaltet. Jedes Schulkind ist uns herzlich willkommen und kann an zuvor vereinbarten Tagen zu uns an die Schule und in den Unterricht kommen.<\/p>\n<p><!-- \/wp:paragraph --><\/p>\n<p><!-- wp:paragraph --><\/p>\n<p>Wir st\u00e4rken das Vertrauen des Kindes in einer Wohlf\u00fchlatmosph\u00e4re, wir lernen miteinander und reifen gemeinsam an unseren St\u00e4rken und Talenten. <\/p>\n<p><!-- \/wp:paragraph --><\/p>\n<p><!-- wp:paragraph --><\/p>\n<p>Wir machen uns mutig auf, Neues zu entdecken, arbeiten an kindgerechten Projekten und streben nach Wissenszuwachs, Kompetenz und Selbstst\u00e4ndigkeit. Digitale Medien sind uns ebenso vertraut wie handwerkliche F\u00e4higkeiten. Wir legen gro\u00dfen Wert auf einen h\u00f6flichen Umgang und gemeinsamen Austausch mit allen Menschen, die an der Erziehung und Weiterbildung des Kindes beteiligt sind.<\/p>\n<p><!-- \/wp:paragraph --><\/p>\n<p><!-- wp:paragraph --><\/p>\n<p>Diversit\u00e4t, Gleichstellung, Offenheit, Transparenz, Transition und Selbstbewusstsein sind nicht nur Schlagworte unseres Tuns, sie sind uns richtungsweisend f\u00fcr ein erfolgreiches Miteinander und Schulleben.<\/p>\n<p><!-- \/wp:paragraph --><\/p>\n<p><!-- wp:paragraph --><\/p>\n<p><em>Was wir bieten:<\/em><\/p>\n<p><!-- \/wp:paragraph --><\/p>\n<p><!-- wp:list --><\/p>\n<ul>\n<li>Ganztagesschule in verschr\u00e4nkter und getrennter Abfolge<\/li>\n<li> Alle Klassen arbeiten mit dem interaktiven Lernportfolio SEESAW<\/li>\n<li>Vielf\u00e4ltiges Kursangebot in der verschr\u00e4nkten Ganztagesschule<\/li>\n<li>Teilnahme an eTwinning und Erasmus+ Projekten<\/li>\n<li>Internationaler Austausch mit Kolleg:innen innerhalb der EU<\/li>\n<li>eEducation \u2013 Arbeiten mit dem Tablet<\/li>\n<li>Einige Klassen arbeiten nach reformp\u00e4dagogischen Konzepten z.B. dem Churer Modell<\/li>\n<li>Jeden Montag gemeinsamer Start mit allen Klassen in der Aula mit einer inspirierenden Musikeinheit in die neue Woche<\/li>\n<li>Gendersensibler Unterricht<\/li>\n<li>Begabungs- und Begabtenf\u00f6rderung<\/li>\n<li>Transition mit dem Kindergarten Walfersam und dem Pflegeheim Johann B\u00f6hm-Stra\u00dfe (unser intergeneratives Konzept verbindet unsere Schule mit dem Kindergarten und dem Pflegeheim, um Generationen durch gemeinsame Erlebnisse und Feste zu bereichern und voneinander zu lernen)<\/li>\n<li>Betreute Aufgabenstunden mit Lehrer:innen<\/li>\n<li>Ausgewogenes Mittagessen f\u00fcr Kinder in der Ganztagesschule<\/li>\n<li>Nachmittagsbetreuung f\u00fcr Kinder in der Ganztagesschule<\/li>\n<li>T\u00e4gliche Fr\u00fchaufsicht ab 07:00 Uhr<\/<\/li>\n<li>Polysportiver Unterricht mit externen Experten<\/li>\n<li>Schwimmkurse<\/li>\n<li>Schullandwochen<\/li>\n<\/ul>\n<p><!-- \/wp:list --><\/p>\n<p><!-- wp:paragraph --><\/p>\n<p><em>In unmittelbarer N\u00e4he befinden sich folgende Freizeiteinrichtungen, die von uns regelm\u00e4\u00dfig genutzt werden:<\/em><\/p>\n<p><!-- \/wp:paragraph --><\/p>\n<p><!-- wp:list --><\/p>\n<ul>\n<li>Schwimmbad (Indoor und Outdoor)<\/li>\n<li>Eishalle<\/li>\n<li>Fu\u00dfballstadion<\/li>\n<li>Leichtathletikstadion<\/li>\n<li>Fun-Park<\/li>\n<li>Auwald<\/li>\n<li>Abenteuerspielplatz<\/li>\n<li>Wanderwege<\/li>\n<\/ul>\n<p><!-- \/wp:list --><\/p>\n","protected":false},"author":1,"featured_media":390,"parent":0,"menu_order":1,"comment_status":"closed","ping_status":"closed","template":"","meta":{"footnotes":""},"class_list":["post-34","page","type-page","status-publish","has-post-thumbnail","hentry"],"_links":{"self":[{"href":"https:\/\/vs-jonas.at\/index.php?rest_route=\/wp\/v2\/pages\/34","targetHints":{"allow":["GET"]}}],"collection":[{"href":"https:\/\/vs-jonas.at\/index.php?rest_route=\/wp\/v2\/pages"}],"about":[{"href":"https:\/\/vs-jonas.at\/index.php?rest_route=\/wp\/v2\/types\/page"}],"author":[{"embeddable":true,"href":"https:\/\/vs-jonas.at\/index.php?rest_route=\/wp\/v2\/users\/1"}],"replies":[{"embeddable":true,"href":"https:\/\/vs-jonas.at\/index.php?rest_route=%2Fwp%2Fv2%2Fcomments&post=34"}],"version-history":[{"count":21,"href":"https:\/\/vs-jonas.at\/index.php?rest_route=\/wp\/v2\/pages\/34\/revisions"}],"predecessor-version":[{"id":1610,"href":"https:\/\/vs-jonas.at\/index.php?rest_route=\/wp\/v2\/pages\/34\/revisions\/1610"}],"wp:featuredmedia":[{"embeddable":true,"href":"https:\/\/vs-jonas.at\/index.php?rest_route=\/wp\/v2\/media\/390"}],"wp:attachment":[{"href":"https:\/\/vs-jonas.at\/index.php?rest_route=%2Fwp%2Fv2%2Fmedia&parent=34"}],"curies":[{"name":"wp","href":"https:\/\/api.w.org\/{rel}","templated":true}]}}