{"id":5,"date":"2021-10-25T15:23:49","date_gmt":"2021-10-25T13:23:49","guid":{"rendered":"https:\/\/vs-jonas.at\/?page_id=5"},"modified":"2026-01-21T12:15:27","modified_gmt":"2026-01-21T11:15:27","slug":"gestalte-deine-website-mit-bloecken","status":"publish","type":"page","link":"https:\/\/vs-jonas.at\/","title":{"rendered":"Willkommen auf der Homepage der Volksschule Dr. Jonas!"},"content":{"rendered":"\r\n<h2 class=\"alignwide has-text-align-wide has-gigantic-font-size wp-block-heading\" style=\"line-height: 1.1;\">Eine Ganztagsschule\u00a0mit Schulversuch\u00a0Sprachintensivierung Englisch<\/h2>\r\n\r\n\r\n\r\n<div class=\"wp-block-columns alignwide are-vertically-aligned-top is-layout-flex wp-container-core-columns-is-layout-9d6595d7 wp-block-columns-is-layout-flex\">\r\n<div class=\"wp-block-column is-vertically-aligned-top is-layout-flow wp-block-column-is-layout-flow\">\r\n<p>Der Schuleinstieg der neuen Sch\u00fclerinnen und Sch\u00fcler wird sanft \u00fcber Schnuppertage gestaltet. Jedes Schulkind ist uns herzlich willkommen und kann an zuvor vereinbarten Tagen zu uns an die Schule und in den Unterricht kommen.<\/p>\r\n\r\n\r\n\r\n<p>Wir st\u00e4rken das Vertrauen des Kindes in einer Wohlf\u00fchlatmosph\u00e4re, wir lernen miteinander und reifen gemeinsam an unseren St\u00e4rken und Talenten.<\/p>\r\n\r\n\r\n\r\n<p>Wir machen uns mutig auf, Neues zu entdecken, arbeiten an kindgerechten Projekten und streben nach Wissenszuwachs, Kompetenz und Selbstst\u00e4ndigkeit. Digitale Medien sind uns ebenso vertraut wie handwerkliche F\u00e4higkeiten. Wir legen gro\u00dfen Wert auf einen h\u00f6flichen Umgang und gemeinsamen Austausch mit allen Menschen, die an der Erziehung und Weiterbildung des Kindes beteiligt sind.<\/p>\r\n\r\n\r\n\r\n<p>Diversit\u00e4t, Gleichstellung, Offenheit, Transparenz, Transition und Selbstbewusstsein sind nicht nur Schlagworte unseres Tuns, sie sind uns richtungsweisend f\u00fcr ein erfolgreiches Miteinander und Schulleben.<\/p>\r\n<\/div>\r\n<\/div>\r\n\r\n\r\n\r\n<p>&nbsp;<\/p>\r\n","protected":false},"excerpt":{"rendered":"<p>Der Schuleinstieg der neuen Sch\u00fclerinnen und Sch\u00fcler wird sanft \u00fcber Schnuppertage gestaltet. Jedes Schulkind ist uns herzlich willkommen und kann an zuvor vereinbarten Tagen zu uns an die Schule und in den Unterricht kommen.<\/p>\n<p>Wir st\u00e4rken das Vertrauen des Kindes in einer Wohlf\u00fchlatmosph\u00e4re, wir lernen miteinander und reifen gemeinsam an unseren St\u00e4rken und Talenten.<\/p>\n<p>Wir machen uns mutig auf, Neues zu entdecken, arbeiten an kindgerechten Projekten und streben nach Wissenszuwachs, Kompetenz und Selbstst\u00e4ndigkeit. Digitale Medien sind uns ebenso vertraut wie handwerkliche F\u00e4higkeiten. Wir legen gro\u00dfen Wert auf einen h\u00f6flichen Umgang und gemeinsamen Austausch mit allen Menschen, die an der Erziehung und Weiterbildung des Kindes beteiligt sind.<\/p>\n<p>Diversit\u00e4t, Gleichstellung, Offenheit, Transparenz, Transition und Selbstbewusstsein sind nicht nur Schlagworte unseres Tuns, sie sind uns richtungsweisend f\u00fcr ein erfolgreiches Miteinander und Schulleben.<\/p>\n","protected":false},"author":1,"featured_media":221,"parent":0,"menu_order":0,"comment_status":"closed","ping_status":"closed","template":"templates\/home-template.php","meta":{"footnotes":""},"class_list":["post-5","page","type-page","status-publish","has-post-thumbnail","hentry"],"_links":{"self":[{"href":"https:\/\/vs-jonas.at\/index.php?rest_route=\/wp\/v2\/pages\/5","targetHints":{"allow":["GET"]}}],"collection":[{"href":"https:\/\/vs-jonas.at\/index.php?rest_route=\/wp\/v2\/pages"}],"about":[{"href":"https:\/\/vs-jonas.at\/index.php?rest_route=\/wp\/v2\/types\/page"}],"author":[{"embeddable":true,"href":"https:\/\/vs-jonas.at\/index.php?rest_route=\/wp\/v2\/users\/1"}],"replies":[{"embeddable":true,"href":"https:\/\/vs-jonas.at\/index.php?rest_route=%2Fwp%2Fv2%2Fcomments&post=5"}],"version-history":[{"count":12,"href":"https:\/\/vs-jonas.at\/index.php?rest_route=\/wp\/v2\/pages\/5\/revisions"}],"predecessor-version":[{"id":1615,"href":"https:\/\/vs-jonas.at\/index.php?rest_route=\/wp\/v2\/pages\/5\/revisions\/1615"}],"wp:featuredmedia":[{"embeddable":true,"href":"https:\/\/vs-jonas.at\/index.php?rest_route=\/wp\/v2\/media\/221"}],"wp:attachment":[{"href":"https:\/\/vs-jonas.at\/index.php?rest_route=%2Fwp%2Fv2%2Fmedia&parent=5"}],"curies":[{"name":"wp","href":"https:\/\/api.w.org\/{rel}","templated":true}]}}