{"id":528,"date":"2021-12-02T15:51:33","date_gmt":"2021-12-02T14:51:33","guid":{"rendered":"https:\/\/vs-jonas.at\/?page_id=528"},"modified":"2025-12-01T19:12:55","modified_gmt":"2025-12-01T18:12:55","slug":"auszeichnungen-und-guetesiegel","status":"publish","type":"page","link":"https:\/\/vs-jonas.at\/?page_id=528","title":{"rendered":"Auszeichnungen und G\u00fctesiegel"},"content":{"rendered":"\r\n<div class=\"wp aligncenter is-layout-flow wp-block-group-is-layout-flow\"><div class=\"wp-block-group__inner-container\">\r\n<div class=\"wp aligncenter\">\r\n<div class=\"wp aligncenter\" style=\"grid-template-columns: 24% auto;\">\r\n<figure>\r\n<p><img loading=\"lazy\" decoding=\"async\" class=\" wp-image-2140 aligncenter\" src=\"https:\/\/vs-jonas.at\/wp-content\/uploads\/2025\/10\/20251022_073753-749x1024.jpg\" alt=\"\" width=\"416\" height=\"568\" srcset=\"https:\/\/vs-jonas.at\/wp-content\/uploads\/2025\/10\/20251022_073753-749x1024.jpg 749w, https:\/\/vs-jonas.at\/wp-content\/uploads\/2025\/10\/20251022_073753-219x300.jpg 219w, https:\/\/vs-jonas.at\/wp-content\/uploads\/2025\/10\/20251022_073753-768x1050.jpg 768w, https:\/\/vs-jonas.at\/wp-content\/uploads\/2025\/10\/20251022_073753-1124x1536.jpg 1124w, https:\/\/vs-jonas.at\/wp-content\/uploads\/2025\/10\/20251022_073753-1498x2048.jpg 1498w, https:\/\/vs-jonas.at\/wp-content\/uploads\/2025\/10\/20251022_073753-scaled.jpg 1873w\" sizes=\"auto, (max-width: 416px) 100vw, 416px\" \/><\/p>\r\n<p>&nbsp;<\/p>\r\n<h3>Im Schuljahr 2018-2019 erwarb das Team der VS Dr. Jonas als einzige Schule in der Bildungsregion ein Begabungssiegel und zeichnete sich somit als begabungsf\u00f6rdernde Institution aus. Das Begabungssiegel f\u00fcr steirische Volksschulen ist sichtbarer Ausdruck, dass schulumfassende Begabungs- und Begabtenf\u00f6rderung als Teil des standortbezogenen F\u00f6rderkonzepts verstanden und verwirklicht wird. Wie schon im Jahr 2022 konnten wir das Begabungssiegel nun auch 2025 erfolgreich rezertifizieren. Wir sind sehr stolz auf die W\u00fcrdigung unserer t\u00e4glichen Arbeit.<\/h3>\r\n<\/figure>\r\n<\/div>\r\n<\/div>\r\n<\/div>\r\n<div class=\"wp aligncenter\">\r\n<div class=\"wp aligncenter\">\r\n<div class=\"wp aligncenter\" style=\"grid-template-columns: 24% auto;\">\r\n<figure>\r\n<p>&nbsp;<\/p>\r\n<p><img loading=\"lazy\" decoding=\"async\" class=\"wp-image-533  aligncenter\" src=\"https:\/\/vs-jonas.at\/wp-content\/uploads\/2021\/12\/Expert_Schule.jpg\" alt=\"\" width=\"348\" height=\"352\" \/><\/p>\r\n<p>&nbsp;<\/p>\r\n<p>&nbsp;<\/p>\r\n<h3>188 Schulen mit langer Erfahrung rund um den Einsatz digitaler Medien haben sich f\u00fcr diesen Status qualifiziert. Auf Empfehlung der Bundesland-Koordinator\/innen wird daf\u00fcr ein\u00a0 Zertifikat vom Kompetenzzentrum eEducation verliehen.<\/h3>\r\n<h3>\u00a0<\/h3>\r\n<h3><img loading=\"lazy\" decoding=\"async\" class=\"wp-image-1995 aligncenter\" src=\"https:\/\/vs-jonas.at\/wp-content\/uploads\/2025\/09\/mint-guetesiegel_2025-2028-1-1024x490.jpg\" alt=\"\" width=\"517\" height=\"247\" srcset=\"https:\/\/vs-jonas.at\/wp-content\/uploads\/2025\/09\/mint-guetesiegel_2025-2028-1-1024x490.jpg 1024w, https:\/\/vs-jonas.at\/wp-content\/uploads\/2025\/09\/mint-guetesiegel_2025-2028-1-300x143.jpg 300w, https:\/\/vs-jonas.at\/wp-content\/uploads\/2025\/09\/mint-guetesiegel_2025-2028-1-768x367.jpg 768w, https:\/\/vs-jonas.at\/wp-content\/uploads\/2025\/09\/mint-guetesiegel_2025-2028-1.jpg 1359w\" sizes=\"auto, (max-width: 517px) 100vw, 517px\" \/> <img loading=\"lazy\" decoding=\"async\" class=\"wp-image-2214 aligncenter\" src=\"https:\/\/vs-jonas.at\/wp-content\/uploads\/2025\/12\/20251128_074127-760x1024.jpg\" alt=\"\" width=\"412\" height=\"555\" srcset=\"https:\/\/vs-jonas.at\/wp-content\/uploads\/2025\/12\/20251128_074127-760x1024.jpg 760w, https:\/\/vs-jonas.at\/wp-content\/uploads\/2025\/12\/20251128_074127-223x300.jpg 223w, https:\/\/vs-jonas.at\/wp-content\/uploads\/2025\/12\/20251128_074127-768x1035.jpg 768w, https:\/\/vs-jonas.at\/wp-content\/uploads\/2025\/12\/20251128_074127-1140x1536.jpg 1140w, https:\/\/vs-jonas.at\/wp-content\/uploads\/2025\/12\/20251128_074127-1520x2048.jpg 1520w, https:\/\/vs-jonas.at\/wp-content\/uploads\/2025\/12\/20251128_074127-scaled.jpg 1900w\" sizes=\"auto, (max-width: 412px) 100vw, 412px\" \/><\/h3>\r\n<h3>\u00a0<\/h3>\r\n<h3>Wir wurden erneut durch die Industriellenvereinigung, die Wissensfabrik \u00d6sterreich, die P\u00e4dagogische Hochschule Wien und das Bundesministerium f\u00fcr Bildung, Wissenschaft und Forschung mit dem\u00a0<strong>\u201eMINT-G\u00fctesiegel\u201c\u00a0<\/strong>ausgezeichnet.<\/h3>\r\n<h3><a href=\"http:\/\/www.mintschule.at\/\">www.mintschule.at<\/a><\/h3>\r\n<h3>Es stellt ein bundesweit g\u00fcltiges Qualit\u00e4tszertifikat f\u00fcr innovatives Lernen in\u00a0<strong>M<\/strong>athematik,\u00a0<strong>I<\/strong>nformatik,\u00a0<strong>N<\/strong>aturwissenschaften und\u00a0<strong>T<\/strong>echnik (MINT) mit vielf\u00e4ltigen Zug\u00e4ngen f\u00fcr M\u00e4dchen und Burschen dar.<\/h3>\r\n<p>&nbsp;<\/p>\r\n<p>&nbsp;<\/p>\r\n<h3><img loading=\"lazy\" decoding=\"async\" class=\"wp-image-535  aligncenter\" src=\"https:\/\/vs-jonas.at\/wp-content\/uploads\/2021\/12\/Erasmus_Schule.jpg\" alt=\"\" width=\"495\" height=\"115\" srcset=\"https:\/\/vs-jonas.at\/wp-content\/uploads\/2021\/12\/Erasmus_Schule.jpg 314w, https:\/\/vs-jonas.at\/wp-content\/uploads\/2021\/12\/Erasmus_Schule-300x70.jpg 300w\" sizes=\"auto, (max-width: 495px) 100vw, 495px\" \/><\/h3>\r\n<h3>\u00a0<\/h3>\r\n<h3>Erasmus+ Schulbildung unterst\u00fctzt grenz\u00fcberschreitende Kooperationen zwischen\u00a0<a href=\"https:\/\/erasmusplus.at\/de\/schulbildung\/institutionen\">Kinderg\u00e4rten, Schulen und anderen Institutionen<\/a>\u00a0mit Bezug zur Schule. Zudem f\u00f6rdert das Programm Lehr- und Lernaufenthalte von\u00a0<a href=\"https:\/\/erasmusplus.at\/de\/schulbildung\/bildungspersonal\">Kindergarten- und Schulpersonal<\/a>\u00a0sowie von\u00a0<a href=\"https:\/\/erasmusplus.at\/de\/schulbildung\/schuelerinnen\">Sch\u00fcler\/innen<\/a>\u00a0im europ\u00e4ischen Ausland. Diese Auslandsaufenthalte m\u00fcssen immer auch einen Mehrwert f\u00fcr die Institution mit sich bringen, die sie entsendet.<\/h3>\r\n<p><img loading=\"lazy\" decoding=\"async\" class=\"wp-image-2166  aligncenter\" src=\"https:\/\/vs-jonas.at\/wp-content\/uploads\/2025\/11\/Unbenannt1-scaled-e1762849687994-721x1024.jpg\" alt=\"\" width=\"466\" height=\"662\" srcset=\"https:\/\/vs-jonas.at\/wp-content\/uploads\/2025\/11\/Unbenannt1-scaled-e1762849687994-721x1024.jpg 721w, https:\/\/vs-jonas.at\/wp-content\/uploads\/2025\/11\/Unbenannt1-scaled-e1762849687994-211x300.jpg 211w, https:\/\/vs-jonas.at\/wp-content\/uploads\/2025\/11\/Unbenannt1-scaled-e1762849687994-768x1090.jpg 768w, https:\/\/vs-jonas.at\/wp-content\/uploads\/2025\/11\/Unbenannt1-scaled-e1762849687994-1082x1536.jpg 1082w, https:\/\/vs-jonas.at\/wp-content\/uploads\/2025\/11\/Unbenannt1-scaled-e1762849687994-1442x2048.jpg 1442w, https:\/\/vs-jonas.at\/wp-content\/uploads\/2025\/11\/Unbenannt1-scaled-e1762849687994.jpg 1803w\" sizes=\"auto, (max-width: 466px) 100vw, 466px\" \/><\/p>\r\n<\/figure>\r\n<\/div>\r\n<h3 style=\"text-align: center;\">F\u00fcr unser E-Twinning Projekt &#8222;Wish me a wish&#8220; haben wir im Oktober 2025 ein nationales Qualit\u00e4tssiegel erhalten.<\/h3>\r\n<div class=\"wp aligncenter\" style=\"grid-template-columns: 24% auto;\">\r\n<figure>\r\n<p><strong><a href=\"https:\/\/vs-jonas.at\/wp-content\/uploads\/2024\/03\/Meistersinger-Urkunden-2024-VS_Dr.-Jonas.pdf\"><img loading=\"lazy\" decoding=\"async\" class=\"wp-image-1505  aligncenter\" src=\"https:\/\/vs-jonas.at\/wp-content\/uploads\/2024\/03\/Meistersinger-Urkunden-2024-VS_Dr.-Jonas-pdf-724x1024.jpg\" alt=\"\" width=\"432\" height=\"611\" \/><\/a><\/strong><\/p>\r\n<h3><strong>Erfolg f\u00fcr unsere Schule: Meistersinger-G\u00fctesiegel 2024 verliehen!<\/strong><\/h3>\r\n<h3>Unsere Schule erhielt das Meistersinger-G\u00fctesiegel 2024 in einer feierlichen Zeremonie. Diese Auszeichnung w\u00fcrdigt unser Engagement f\u00fcr musikalische Exzellenz und erf\u00fcllt uns mit Stolz. Es ist eine Best\u00e4tigung f\u00fcr die harte Arbeit unserer Lehrer:innen und das Talent unserer Sch\u00fcler:innen. Wir werden weiterhin daran arbeiten, unser musikalisches Programm zu verbessern und zu erweitern.<\/h3>\r\n<p>&nbsp;<\/p>\r\n<p><img loading=\"lazy\" decoding=\"async\" class=\"wp-image-1058 aligncenter\" src=\"https:\/\/vs-jonas.at\/wp-content\/uploads\/2022\/09\/Bewegte-Schule_Guetesiegel_Stufe-III-724x1024.jpg\" alt=\"\" width=\"418\" height=\"591\" srcset=\"https:\/\/vs-jonas.at\/wp-content\/uploads\/2022\/09\/Bewegte-Schule_Guetesiegel_Stufe-III-724x1024.jpg 724w, https:\/\/vs-jonas.at\/wp-content\/uploads\/2022\/09\/Bewegte-Schule_Guetesiegel_Stufe-III-212x300.jpg 212w, https:\/\/vs-jonas.at\/wp-content\/uploads\/2022\/09\/Bewegte-Schule_Guetesiegel_Stufe-III-768x1086.jpg 768w, https:\/\/vs-jonas.at\/wp-content\/uploads\/2022\/09\/Bewegte-Schule_Guetesiegel_Stufe-III-1086x1536.jpg 1086w, https:\/\/vs-jonas.at\/wp-content\/uploads\/2022\/09\/Bewegte-Schule_Guetesiegel_Stufe-III.jpg 1239w\" sizes=\"auto, (max-width: 418px) 100vw, 418px\" \/><\/p>\r\n<p>&nbsp;<\/p>\r\n<h3>Die Bewegte Schule \u00d6sterreich vergibt an jene Schulen ein G\u00fctesiegel, die Bewegung als wichtigen Bestandteil des schulischen Lebens in ihr Schulprofil und in den Regelbetrieb aufgenommen haben. Das dreiteilige G\u00fctesiegel ist ein Ausdruck f\u00fcr eine permanente Schulentwicklung, wie es vom Bildungsministerium durch SQA gefordert wird. Verliehen wird das G\u00fctesiegel f\u00fcr drei Jahre.<\/h3>\r\n<p>&nbsp;<\/p>\r\n<p>&nbsp;<\/p>\r\n<p><strong><img loading=\"lazy\" decoding=\"async\" class=\"wp-image-1175 aligncenter\" src=\"https:\/\/vs-jonas.at\/wp-content\/uploads\/2022\/11\/gsImgSilver-2.jpg\" alt=\"\" width=\"362\" height=\"370\" \/><\/strong><\/p>\r\n<h3>\u00a0<\/h3>\r\n<h3><strong>Das Bundesministerium f\u00fcr Bildung, Wissenschaft und Forschung<\/strong> verleiht an VOLKSSCHULEN, SONDERSCHULEN, MITTELSCHULEN, POLYTECHNISCHE SCHULEN, BERUFSSCHULEN, ALLGEMEIN BILDENDE H\u00d6HERE SCHULEN, BERUFSBILDENDE MITTLERE UND H\u00d6HERE SCHULEN, FORSTFACHSCHULEN und H\u00d6HERE LAND- UND FORSTWIRTSCHAFTLICHE SCHULEN die gewisse Bedingungen erf\u00fcllen, das <strong>\u00d6sterreichische Schulsportg\u00fctesiegel<\/strong>. Das Schulsportg\u00fctesiegel wird je nach Erf\u00fcllung bestimmter Limits, in Gold, Silber und Bronze verliehen und hat eine G\u00fcltigkeit von 4 Jahren.<\/h3>\r\n<p>&nbsp;<\/p>\r\n<p><img loading=\"lazy\" decoding=\"async\" class=\"wp-image-1854 aligncenter\" src=\"https:\/\/vs-jonas.at\/wp-content\/uploads\/2025\/06\/WirsindKlimabuendnis_Logo_neu.png\" alt=\"\" width=\"383\" height=\"322\" srcset=\"https:\/\/vs-jonas.at\/wp-content\/uploads\/2025\/06\/WirsindKlimabuendnis_Logo_neu.png 807w, https:\/\/vs-jonas.at\/wp-content\/uploads\/2025\/06\/WirsindKlimabuendnis_Logo_neu-300x252.png 300w, https:\/\/vs-jonas.at\/wp-content\/uploads\/2025\/06\/WirsindKlimabuendnis_Logo_neu-768x645.png 768w\" sizes=\"auto, (max-width: 383px) 100vw, 383px\" \/><\/p>\r\n<p>&nbsp;<\/p>\r\n<h3>Klimab\u00fcndnis-Schulen, -Horte oder -Kinderg\u00e4rten sind Bildungseinrichtungen, die sich besonders im Klimaschutz engagieren und den Nachhaltigkeitsgedanken in den Schulalltag einbauen.<\/h3>\r\n<\/figure>\r\n<div class=\"wp-block-media-text__content\">\r\n<p>&nbsp;<\/p>\r\n<\/div>\r\n<\/div>\r\n<\/div>\r\n<\/div><\/div>\r\n","protected":false},"excerpt":{"rendered":"<p>Zahlreiche Auszeichnungen und G\u00fctesiegel best\u00e4tigen unseren Einsatz<\/p>\n","protected":false},"author":1,"featured_media":548,"parent":0,"menu_order":0,"comment_status":"closed","ping_status":"closed","template":"","meta":{"footnotes":""},"class_list":["post-528","page","type-page","status-publish","has-post-thumbnail","hentry"],"_links":{"self":[{"href":"https:\/\/vs-jonas.at\/index.php?rest_route=\/wp\/v2\/pages\/528","targetHints":{"allow":["GET"]}}],"collection":[{"href":"https:\/\/vs-jonas.at\/index.php?rest_route=\/wp\/v2\/pages"}],"about":[{"href":"https:\/\/vs-jonas.at\/index.php?rest_route=\/wp\/v2\/types\/page"}],"author":[{"embeddable":true,"href":"https:\/\/vs-jonas.at\/index.php?rest_route=\/wp\/v2\/users\/1"}],"replies":[{"embeddable":true,"href":"https:\/\/vs-jonas.at\/index.php?rest_route=%2Fwp%2Fv2%2Fcomments&post=528"}],"version-history":[{"count":59,"href":"https:\/\/vs-jonas.at\/index.php?rest_route=\/wp\/v2\/pages\/528\/revisions"}],"predecessor-version":[{"id":2215,"href":"https:\/\/vs-jonas.at\/index.php?rest_route=\/wp\/v2\/pages\/528\/revisions\/2215"}],"wp:featuredmedia":[{"embeddable":true,"href":"https:\/\/vs-jonas.at\/index.php?rest_route=\/wp\/v2\/media\/548"}],"wp:attachment":[{"href":"https:\/\/vs-jonas.at\/index.php?rest_route=%2Fwp%2Fv2%2Fmedia&parent=528"}],"curies":[{"name":"wp","href":"https:\/\/api.w.org\/{rel}","templated":true}]}}