{"id":996,"date":"2022-08-30T08:56:40","date_gmt":"2022-08-30T06:56:40","guid":{"rendered":"https:\/\/vs-jonas.at\/?page_id=996"},"modified":"2022-08-30T08:59:36","modified_gmt":"2022-08-30T06:59:36","slug":"datenschutzerklaerung-2","status":"publish","type":"page","link":"https:\/\/vs-jonas.at\/?page_id=996","title":{"rendered":"Datenschutzerkl\u00e4rung"},"content":{"rendered":"\n<h1 class=\"wp-block-heading\">Datenschutzerkl\u00e4rung<\/h1>\n\n\n\n<p>Der Schutz Ihrer pers\u00f6nlichen Daten ist uns ein besonderes Anliegen. Wir verarbeiten Ihre Daten daher ausschlie\u00dflich auf Grundlage der gesetzlichen Bestimmungen (DSGVO, TKG 2003). In diesen Datenschutzinformationen informieren wir Sie \u00fcber die wichtigsten Aspekte der Datenverarbeitung im Rahmen unserer Website.<\/p>\n\n\n\n<p>Personenbezogene Daten werden auf dieser Webseite nur im technisch notwendigen Umfang erhoben. In keinem Fall werden die erhobenen Daten verkauft oder aus anderen Gr\u00fcnden an Dritte weitergegeben.<\/p>\n\n\n\n<h2 class=\"wp-block-heading\">Kontakt mit uns<\/h2>\n\n\n\n<p>Wenn Sie per E-Mail Kontakt mit uns aufnehmen, werden Ihre angegebenen Daten zwecks Bearbeitung der Anfrage und f\u00fcr den Fall von Anschlussfragen sechs Monate bei uns gespeichert. Diese Daten geben wir nicht ohne Ihre Einwilligung weiter.<\/p>\n\n\n\n<p>Solche auf freiwilliger Basis von Ihnen an uns \u00fcbermittelten personenbezogenen Daten werden f\u00fcr Zwecke der Bearbeitung oder der Kontaktaufnahme zu Ihnen gespeichert. Es erfolgt keine Weitergabe dieser personenbezogenen Daten an Dritte durch uns.<\/p>\n\n\n\n<h2 class=\"wp-block-heading\">Datenverarbeitung auf unserer Webseite<\/h2>\n\n\n\n<p>Die Webseite erhebt und speichert automatisch in den Server Log Files Informationen, die Ihr Browser \u00fcbermittelt. Dies sind:<\/p>\n\n\n\n<ul class=\"wp-block-list\"><li>Besuchte Website<\/li><li>Browsertyp\/ -version<\/li><li>verwendetes Betriebssystem<\/li><li>Referrer URL (die zuvor besuchte Seite)<\/li><li>Hostname des zugreifenden Rechners (IP Adresse)<\/li><li>Uhrzeit der Serveranfrage<\/li><li>Menge der gesendeten Daten in Byte<\/li><\/ul>\n\n\n\n<p>Diese Daten sind f\u00fcr uns nicht bestimmten Personen zuordenbar. Eine Zusammenf\u00fchrung dieser Daten mit anderen Datenquellen wird nicht vorgenommen. Der Websitebetreiber beh\u00e4lt sich allerdings vor, die Server-Logfiles nachtr\u00e4glich zu \u00fcberpr\u00fcfen, sollten konkrete Anhaltspunkte auf eine rechtswidrige Nutzung hinweisen.<\/p>\n\n\n\n<h2 class=\"wp-block-heading\">Cookies<\/h2>\n\n\n\n<p>Die Internetseite verwendet so genannte Cookies. Sie dienen dazu, unser Angebot nutzerfreundlicher, effektiver und sicherer zu machen. In diesen Cookies werden keine pers\u00f6nlichen Daten gespeichert. Cookies sind kleine Textdateien, die auf Ihrem Rechner abgelegt werden und die Ihr Browser speichert. Die verwendeten Cookies sind zum Teil so genannte \u201eSession-Cookies\u201c. Sie werden nach Ende Ihres Besuchs automatisch gel\u00f6scht. Cookies richten auf Ihrem Rechner keinen Schaden an und enthalten keine Viren. Sie k\u00f6nnen die Handhabung von Cookies in Ihrem eigenen Browser entsprechend konfigurieren und auch unterbinden.<\/p>\n\n\n\n<h2 class=\"wp-block-heading\">Google Maps<\/h2>\n\n\n\n<p>Auf unserer Webseite wird zur Darstellung der Karte auf der Kontaktseite der Dienst Google Maps verwendet, welcher von Google Inc., 1600 Amphitheatre Parkway, Mountain View, CA 94043, USA. betrieben wird.<\/p>\n\n\n\n<p>Der Nutzer erkl\u00e4rt sich durch die Nutzung des Angebots mit der Bearbeitung der \u00fcber ihn erhobenen Daten durch Google, seiner Vertreter, oder Drittanbieter einverstanden. Die Nutzungsbedingungen sind den Seiten des Anbieters zu entnehmen.<\/p>\n\n\n\n<h2 class=\"wp-block-heading\">Google Web Fonts<\/h2>\n\n\n\n<p>Auf unserer Webseite werden zur Darstellung der verwendeten Schriftart Google Web Fonts verwendet. Durch den Einsatz von Google Web Fonts wird beim Nutzen der Webseite ein externer Server von Google in den USA aufgerufen, d.h. Google ist theoretisch \u00fcber die Angebotsnutzung in Kenntnis gesetzt.<\/p>\n\n\n\n<p>Der Nutzer erkl\u00e4rt sich durch die Nutzung des Angebots mit der Bearbeitung der \u00fcber ihn erhobenen Daten durch Google, seiner Vertreter, oder Drittanbieter einverstanden. Die Nutzungsbedingungen sind den Seiten des Anbieters zu entnehmen.<\/p>\n\n\n\n<h2 class=\"wp-block-heading\">Eingebettete Videos<\/h2>\n\n\n\n<p>Auf einigen Seiten sind Videos von Youtube eingebettet \u2013 auf diesen Seiten wird zus\u00e4tzlich auch von Youtube ein Cookie erstellt. Der Nutzer erkl\u00e4rt sich durch die Nutzung des Angebots mit der Bearbeitung der \u00fcber ihn erhobenen Daten durch Google, seiner Vertreter, oder Drittanbieter einverstanden. Die Nutzungsbedingungen sind den Seiten des Anbieters zu entnehmen.<\/p>\n\n\n\n<h2 class=\"wp-block-heading\">Nutzung von ajax.googleapis.com\/jQuery<\/h2>\n\n\n\n<p>Auf unserer Webseite verwenden wir Ajax und jQuery Technologien zur Anzeige von Inhalten. Dazu werden Programmbibliotheken von Google Servern aufgerufen. Es wird das CDN (Content delivery network) von Google verwendet. Sollten Sie jQuery vorher auf einer anderen Seite vom Google CDN gebraucht haben, wird Ihr Browser auf die im Cache abgelegte Kopie zur\u00fcckgreifen. Ist dies nicht zutreffend, erfordert dies ein Herunterladen, wobei Daten von Ihrem Browser an Google Inc. (\u201eGoogle\u201d) gelangen. Ihre Daten werden in die USA \u00fcbertragen.<\/p>\n\n\n\n<p>Der Nutzer erkl\u00e4rt sich durch die Nutzung des Angebots mit der Bearbeitung der \u00fcber ihn erhobenen Daten durch Google, seiner Vertreter, oder Drittanbieter einverstanden. Die Nutzungsbedingungen sind den Seiten des Anbieters zu entnehmen.<\/p>\n\n\n\n<h2 class=\"wp-block-heading\">Ihre Rechte<\/h2>\n\n\n\n<p>Ihnen stehen grunds\u00e4tzlich die Rechte auf Auskunft, Berichtigung, L\u00f6schung, Einschr\u00e4nkung, Daten\u00fcbertragbarkeit, Widerruf und Widerspruch zu. Wenn Sie glauben, dass die Verarbeitung Ihrer Daten gegen das Datenschutzrecht verst\u00f6\u00dft oder Ihre datenschutzrechtlichen Anspr\u00fcche sonst in einer Weise verletzt worden sind, k\u00f6nnen Sie sich bei der Aufsichtsbeh\u00f6rde beschweren. In \u00d6sterreich ist dies die Datenschutzbeh\u00f6rde.<\/p>\n\n\n\n<p>Unsere vollst\u00e4ndigen Kontaktdaten finden Sie in unserem Impressum.<\/p>\n\n\n\n<p>Weiters gilt die aktuelle Fassung der Datenschutzerkl\u00e4rung der Stadtgemeinde Kapfenberg:&nbsp;<a href=\"https:\/\/www.kapfenberg.gv.at\/system\/web\/datenschutz.aspx\">https:\/\/www.kapfenberg.gv.at<\/a><\/p>\n","protected":false},"excerpt":{"rendered":"<p>Datenschutzerkl\u00e4rung Der Schutz Ihrer pers\u00f6nlichen Daten ist uns ein besonderes Anliegen. Wir verarbeiten Ihre Daten daher ausschlie\u00dflich auf Grundlage der gesetzlichen Bestimmungen (DSGVO, TKG 2003). In diesen Datenschutzinformationen informieren wir Sie \u00fcber die wichtigsten Aspekte der Datenverarbeitung im Rahmen unserer Website. Personenbezogene Daten werden auf dieser Webseite nur im technisch notwendigen Umfang erhoben. In keinem [&hellip;]<\/p>\n","protected":false},"author":1,"featured_media":0,"parent":0,"menu_order":0,"comment_status":"closed","ping_status":"closed","template":"","meta":{"footnotes":""},"class_list":["post-996","page","type-page","status-publish","hentry"],"_links":{"self":[{"href":"https:\/\/vs-jonas.at\/index.php?rest_route=\/wp\/v2\/pages\/996","targetHints":{"allow":["GET"]}}],"collection":[{"href":"https:\/\/vs-jonas.at\/index.php?rest_route=\/wp\/v2\/pages"}],"about":[{"href":"https:\/\/vs-jonas.at\/index.php?rest_route=\/wp\/v2\/types\/page"}],"author":[{"embeddable":true,"href":"https:\/\/vs-jonas.at\/index.php?rest_route=\/wp\/v2\/users\/1"}],"replies":[{"embeddable":true,"href":"https:\/\/vs-jonas.at\/index.php?rest_route=%2Fwp%2Fv2%2Fcomments&post=996"}],"version-history":[{"count":1,"href":"https:\/\/vs-jonas.at\/index.php?rest_route=\/wp\/v2\/pages\/996\/revisions"}],"predecessor-version":[{"id":997,"href":"https:\/\/vs-jonas.at\/index.php?rest_route=\/wp\/v2\/pages\/996\/revisions\/997"}],"wp:attachment":[{"href":"https:\/\/vs-jonas.at\/index.php?rest_route=%2Fwp%2Fv2%2Fmedia&parent=996"}],"curies":[{"name":"wp","href":"https:\/\/api.w.org\/{rel}","templated":true}]}}